{"id":3,"date":"2025-10-04T17:11:32","date_gmt":"2025-10-04T17:11:32","guid":{"rendered":"http:\/\/orphelinvert.org\/?page_id=3"},"modified":"2025-12-28T19:35:50","modified_gmt":"2025-12-28T19:35:50","slug":"politique-de-confidentialite-d-orphelin-vert","status":"publish","type":"page","link":"https:\/\/orphelinvert.org\/en\/politique-de-confidentialite-d-orphelin-vert\/","title":{"rendered":"Politique de Confidentialit\u00e9 d&rsquo;ORPHELIN VERT"},"content":{"rendered":"<p>L&rsquo;association <strong>ORPHELIN VERT<\/strong> s&rsquo;engage \u00e0 prot\u00e9ger la confidentialit\u00e9 des informations personnelles collect\u00e9es aupr\u00e8s de ses utilisateurs et visiteurs. Cette politique de confidentialit\u00e9 explique comment nous collectons, utilisons et prot\u00e9geons vos donn\u00e9es lorsque vous interagissez avec notre site web.<\/p>\n\n\n\n<hr class=\"wp-block-separator has-alpha-channel-opacity\"\/>\n\n\n\n<h2 class=\"wp-block-heading\">1. Commentaires<\/h2>\n\n\n\n<p>Lorsque vous laissez un <strong>commentaire<\/strong> sur notre site, nous collectons les donn\u00e9es saisies dans le formulaire de commentaires, ainsi que votre <strong>adresse IP<\/strong> et la cha\u00eene de l&rsquo;agent utilisateur de votre navigateur. Ces informations nous aident \u00e0 d\u00e9tecter les commentaires ind\u00e9sirables (spam).<\/p>\n\n\n\n<ul class=\"wp-block-list\">\n<li>Une cha\u00eene anonymis\u00e9e (\u00e9galement appel\u00e9e <em>hash<\/em>), cr\u00e9\u00e9e \u00e0 partir de votre adresse e-mail, peut \u00eatre transmise au service Gravatar pour v\u00e9rifier si vous utilisez ce service. La politique de confidentialit\u00e9 du service Gravatar est disponible ici : <a href=\"https:\/\/automattic.com\/privacy\/\" target=\"_blank\" rel=\"noreferrer noopener\">https:\/\/automattic.com\/privacy\/<\/a>.<\/li>\n\n\n\n<li>Apr\u00e8s validation de votre commentaire, votre <strong>photo de profil<\/strong> devient visible publiquement dans le contexte de votre commentaire.<\/li>\n<\/ul>\n\n\n\n<hr class=\"wp-block-separator has-alpha-channel-opacity\"\/>\n\n\n\n<h2 class=\"wp-block-heading\">2. M\u00e9dias (Images)<\/h2>\n\n\n\n<p>Si vous t\u00e9l\u00e9chargez des <strong>images<\/strong> sur le site web, nous vous recommandons d&rsquo;\u00e9viter de t\u00e9l\u00e9charger des images contenant des <strong>donn\u00e9es de localisation int\u00e9gr\u00e9es (EXIF GPS)<\/strong>. Les visiteurs du site peuvent potentiellement t\u00e9l\u00e9charger et extraire toute donn\u00e9e de localisation \u00e0 partir des images pr\u00e9sentes sur le site.<\/p>\n\n\n\n<hr class=\"wp-block-separator has-alpha-channel-opacity\"\/>\n\n\n\n<h2 class=\"wp-block-heading\">3. Cookies<\/h2>\n\n\n\n<p>Nous utilisons des cookies pour am\u00e9liorer votre exp\u00e9rience de navigation :<\/p>\n\n\n\n<ul class=\"wp-block-list\">\n<li><strong>Cookies de commentaires :<\/strong> Si vous laissez un commentaire sur notre site, vous pouvez choisir d&rsquo;enregistrer votre nom, votre adresse e-mail et votre site web dans des cookies. C&rsquo;est un confort pour vous afin que vous n&rsquo;ayez pas \u00e0 remplir \u00e0 nouveau vos coordonn\u00e9es lors de votre prochain commentaire. Ces cookies expirent au bout d&rsquo;un <strong>an<\/strong>.<\/li>\n\n\n\n<li><strong>Cookies de connexion (pour les comptes enregistr\u00e9s) :<\/strong> Si vous vous connectez \u00e0 notre page de connexion, nous installons un cookie temporaire pour v\u00e9rifier si votre navigateur accepte les cookies. Ce cookie est <strong>supprim\u00e9<\/strong> lorsque vous fermez votre navigateur.\n<ul class=\"wp-block-list\">\n<li>Lors de la connexion, nous mettons \u00e9galement en place plusieurs cookies pour enregistrer vos informations de connexion (dur\u00e9e de <strong>deux jours<\/strong>) et vos choix d&rsquo;affichage d&rsquo;\u00e9cran (dur\u00e9e d&rsquo;un <strong>an<\/strong>).<\/li>\n\n\n\n<li>Si vous cochez \u00ab Se souvenir de moi \u00bb, votre connexion persistera pendant <strong>deux semaines<\/strong>.<\/li>\n\n\n\n<li>Si vous \u00e9ditez ou publiez un article, un cookie suppl\u00e9mentaire sera enregistr\u00e9 dans votre navigateur. Il expire au bout d&rsquo;<strong>un jour<\/strong>.<\/li>\n<\/ul>\n<\/li>\n<\/ul>\n\n\n\n<hr class=\"wp-block-separator has-alpha-channel-opacity\"\/>\n\n\n\n<h2 class=\"wp-block-heading\">4. Contenu Int\u00e9gr\u00e9 d&rsquo;Autres Sites<\/h2>\n\n\n\n<p>Les articles de ce site peuvent inclure du <strong>contenu int\u00e9gr\u00e9<\/strong> (par exemple, vid\u00e9os, images, articles, etc.) provenant d&rsquo;autres sites web. Ce contenu se comporte exactement de la m\u00eame mani\u00e8re que si le visiteur s&rsquo;\u00e9tait rendu directement sur cet autre site web.<\/p>\n\n\n\n<ul class=\"wp-block-list\">\n<li>Ces sites web externes peuvent collecter des donn\u00e9es vous concernant, utiliser des cookies, int\u00e9grer un suivi tiers suppl\u00e9mentaire et surveiller votre interaction avec ce contenu, surtout si vous avez un compte et \u00eates connect\u00e9 \u00e0 ce site web.<\/li>\n<\/ul>\n\n\n\n<hr class=\"wp-block-separator has-alpha-channel-opacity\"\/>\n\n\n\n<h2 class=\"wp-block-heading\">5. Partage et Dur\u00e9e de Conservation de Vos Donn\u00e9es<\/h2>\n\n\n\n<h3 class=\"wp-block-heading\">Partage des donn\u00e9es<\/h3>\n\n\n\n<ul class=\"wp-block-list\">\n<li>Si vous demandez une r\u00e9initialisation de mot de passe, votre <strong>adresse IP<\/strong> sera incluse dans l&rsquo;e-mail de r\u00e9initialisation.<\/li>\n\n\n\n<li>Les commentaires des visiteurs peuvent \u00eatre v\u00e9rifi\u00e9s par un service automatis\u00e9 de <strong>d\u00e9tection des spams<\/strong>.<\/li>\n<\/ul>\n\n\n\n<h3 class=\"wp-block-heading\">Dur\u00e9e de Conservation<\/h3>\n\n\n\n<ul class=\"wp-block-list\">\n<li><strong>Commentaires :<\/strong> Si vous laissez un commentaire, le commentaire et ses m\u00e9tadonn\u00e9es sont conserv\u00e9s <strong>ind\u00e9finiment<\/strong>. Cela nous permet de reconna\u00eetre et d&rsquo;approuver automatiquement les commentaires suivants sans les placer dans une file d&rsquo;attente de mod\u00e9ration.<\/li>\n\n\n\n<li><strong>Comptes Utilisateurs :<\/strong> Pour les utilisateurs qui s&rsquo;enregistrent sur notre site web (le cas \u00e9ch\u00e9ant), nous stockons \u00e9galement les informations personnelles qu&rsquo;ils fournissent dans leur profil d&rsquo;utilisateur. Ces informations sont conserv\u00e9es tant que le compte est actif.<\/li>\n<\/ul>\n\n\n\n<hr class=\"wp-block-separator has-alpha-channel-opacity\"\/>\n\n\n\n<h2 class=\"wp-block-heading\">6. Vos Droits sur Vos Donn\u00e9es<\/h2>\n\n\n\n<p>Si vous poss\u00e9dez un compte sur ce site ou si vous avez laiss\u00e9 des commentaires, vous disposez des droits suivants :<\/p>\n\n\n\n<ul class=\"wp-block-list\">\n<li><strong>Droit d&rsquo;acc\u00e8s :<\/strong> Vous pouvez demander \u00e0 recevoir un <strong>fichier export\u00e9<\/strong> contenant toutes les donn\u00e9es personnelles que nous d\u00e9tenons \u00e0 votre sujet.<\/li>\n\n\n\n<li><strong>Droit d&rsquo;effacement :<\/strong> Vous pouvez demander \u00e0 ce que nous <strong>effacions<\/strong> toutes les donn\u00e9es personnelles que nous d\u00e9tenons \u00e0 votre sujet.<\/li>\n<\/ul>\n\n\n\n<p><em>Note : Ces droits ne s&rsquo;appliquent pas aux donn\u00e9es que nous sommes oblig\u00e9s de conserver \u00e0 des fins administratives, l\u00e9gales ou de s\u00e9curit\u00e9.<\/em><\/p>\n\n\n\n<p><strong>Tous les utilisateurs peuvent voir, modifier ou supprimer leurs informations personnelles \u00e0 tout moment<\/strong> (\u00e0 l&rsquo;exception de leur nom d&rsquo;utilisateur, qui ne peut \u00eatre modifi\u00e9). Les administrateurs du site peuvent \u00e9galement voir et modifier ces informations.<\/p>\n\n\n\n<p><\/p>","protected":false},"excerpt":{"rendered":"<p>L&rsquo;association ORPHELIN VERT s&rsquo;engage \u00e0 prot\u00e9ger la confidentialit\u00e9 des informations personnelles collect\u00e9es aupr\u00e8s de ses utilisateurs et visiteurs. Cette politique de confidentialit\u00e9 explique comment nous collectons, utilisons et prot\u00e9geons vos donn\u00e9es lorsque vous interagissez avec notre site web. 1. Commentaires Lorsque vous laissez un commentaire sur notre site, nous collectons les donn\u00e9es saisies dans le&#8230;<\/p>","protected":false},"author":1,"featured_media":0,"parent":0,"menu_order":0,"comment_status":"closed","ping_status":"closed","template":"","meta":{"give_campaign_id":0,"_price":"","_stock":"","_tribe_ticket_header":"","_tribe_default_ticket_provider":"","_tribe_ticket_capacity":"0","_ticket_start_date":"","_ticket_end_date":"","_tribe_ticket_show_description":"","_tribe_ticket_show_not_going":false,"_tribe_ticket_use_global_stock":"","_tribe_ticket_global_stock_level":"","_global_stock_mode":"","_global_stock_cap":"","_tribe_rsvp_for_event":"","_tribe_ticket_going_count":"","_tribe_ticket_not_going_count":"","_tribe_tickets_list":"[]","_tribe_ticket_has_attendee_info_fields":false,"_kadence_starter_templates_imported_post":false,"_kad_post_transparent":"","_kad_post_title":"","_kad_post_layout":"","_kad_post_sidebar_id":"","_kad_post_content_style":"","_kad_post_vertical_padding":"","_kad_post_feature":"","_kad_post_feature_position":"","_kad_post_header":false,"_kad_post_footer":false,"footnotes":"","_tec_slr_enabled":"","_tec_slr_layout":""},"class_list":["post-3","page","type-page","status-publish","hentry"],"campaignId":"","jetpack_sharing_enabled":true,"ticketed":false,"_links":{"self":[{"href":"https:\/\/orphelinvert.org\/en\/wp-json\/wp\/v2\/pages\/3","targetHints":{"allow":["GET"]}}],"collection":[{"href":"https:\/\/orphelinvert.org\/en\/wp-json\/wp\/v2\/pages"}],"about":[{"href":"https:\/\/orphelinvert.org\/en\/wp-json\/wp\/v2\/types\/page"}],"author":[{"embeddable":true,"href":"https:\/\/orphelinvert.org\/en\/wp-json\/wp\/v2\/users\/1"}],"replies":[{"embeddable":true,"href":"https:\/\/orphelinvert.org\/en\/wp-json\/wp\/v2\/comments?post=3"}],"version-history":[{"count":1,"href":"https:\/\/orphelinvert.org\/en\/wp-json\/wp\/v2\/pages\/3\/revisions"}],"predecessor-version":[{"id":1886,"href":"https:\/\/orphelinvert.org\/en\/wp-json\/wp\/v2\/pages\/3\/revisions\/1886"}],"wp:attachment":[{"href":"https:\/\/orphelinvert.org\/en\/wp-json\/wp\/v2\/media?parent=3"}],"curies":[{"name":"wp","href":"https:\/\/api.w.org\/{rel}","templated":true}]}}