{"id":1829,"date":"2025-10-07T12:42:43","date_gmt":"2025-10-07T12:42:43","guid":{"rendered":"https:\/\/orphelinvert.org\/?page_id=1829"},"modified":"2026-03-11T01:34:32","modified_gmt":"2026-03-11T01:34:32","slug":"don-pour-lassociation","status":"publish","type":"page","link":"https:\/\/orphelinvert.org\/en\/don-pour-lassociation\/","title":{"rendered":"DON POUR l&rsquo;ASSOCIATION"},"content":{"rendered":"<style>.kb-row-layout-id1829_214135-2d > .kt-row-column-wrap{align-content:start;}:where(.kb-row-layout-id1829_214135-2d > .kt-row-column-wrap) > .wp-block-kadence-column{justify-content:start;}.kb-row-layout-id1829_214135-2d > .kt-row-column-wrap{column-gap:var(--global-kb-gap-md, 2rem);row-gap:var(--global-kb-gap-md, 2rem);max-width:600px;margin-left:auto;margin-right:auto;padding-top:var(--global-kb-spacing-xxs, 0.5rem);padding-right:var(--global-kb-spacing-xs, 1rem);padding-bottom:var(--global-kb-spacing-xxs, 0.5rem);padding-left:var(--global-kb-spacing-xs, 1rem);grid-template-columns:minmax(0, 1fr);}.kb-row-layout-id1829_214135-2d > .kt-row-layout-overlay{opacity:0.30;}@media all and (max-width: 1024px){.kb-row-layout-id1829_214135-2d > .kt-row-column-wrap{grid-template-columns:minmax(0, 1fr);}}@media all and (max-width: 767px){.kb-row-layout-id1829_214135-2d > .kt-row-column-wrap{grid-template-columns:minmax(0, 1fr);}}<\/style><div class=\"kb-row-layout-wrap kb-row-layout-id1829_214135-2d alignfull has-theme-palette9-background-color kt-row-has-bg wp-block-kadence-rowlayout\"><div class=\"kt-row-column-wrap kt-has-1-columns kt-row-layout-equal kt-tab-layout-inherit kt-mobile-layout-row kt-row-valign-top\">\n<style>.kadence-column1829_4eed66-dc > .kt-inside-inner-col,.kadence-column1829_4eed66-dc > .kt-inside-inner-col:before{border-top-left-radius:0px;border-top-right-radius:0px;border-bottom-right-radius:0px;border-bottom-left-radius:0px;}.kadence-column1829_4eed66-dc > .kt-inside-inner-col{column-gap:var(--global-kb-gap-sm, 1rem);}.kadence-column1829_4eed66-dc > .kt-inside-inner-col{flex-direction:column;}.kadence-column1829_4eed66-dc > .kt-inside-inner-col > .aligncenter{width:100%;}.kadence-column1829_4eed66-dc > .kt-inside-inner-col:before{opacity:0.3;}.kadence-column1829_4eed66-dc{position:relative;}.kadence-column1829_4eed66-dc, .kt-inside-inner-col > .kadence-column1829_4eed66-dc:not(.specificity){margin-top:0px;margin-right:0px;margin-bottom:0px;margin-left:0px;}@media all and (max-width: 1024px){.kadence-column1829_4eed66-dc > .kt-inside-inner-col{flex-direction:column;justify-content:center;}}@media all and (max-width: 767px){.kadence-column1829_4eed66-dc > .kt-inside-inner-col{flex-direction:column;justify-content:center;}}<\/style>\n<div class=\"wp-block-kadence-column kadence-column1829_4eed66-dc inner-column-1\"><div class=\"kt-inside-inner-col\"><style>.wp-block-kadence-advancedheading.kt-adv-heading1829_3e0438-51, .wp-block-kadence-advancedheading.kt-adv-heading1829_3e0438-51[data-kb-block=\"kb-adv-heading1829_3e0438-51\"]{margin-bottom:var(--global-kb-spacing-lg, 3rem);text-align:center;font-size:var(--global-kb-font-size-lg, 2rem);font-weight:normal;font-style:normal;}.wp-block-kadence-advancedheading.kt-adv-heading1829_3e0438-51 mark.kt-highlight, .wp-block-kadence-advancedheading.kt-adv-heading1829_3e0438-51[data-kb-block=\"kb-adv-heading1829_3e0438-51\"] mark.kt-highlight{font-weight:normal;font-style:normal;color:#f76a0c;-webkit-box-decoration-break:clone;box-decoration-break:clone;padding-top:0px;padding-right:0px;padding-bottom:0px;padding-left:0px;}.wp-block-kadence-advancedheading.kt-adv-heading1829_3e0438-51 img.kb-inline-image, .wp-block-kadence-advancedheading.kt-adv-heading1829_3e0438-51[data-kb-block=\"kb-adv-heading1829_3e0438-51\"] img.kb-inline-image{width:150px;vertical-align:baseline;}<\/style>\n<h2 class=\"kt-adv-heading1829_3e0438-51 wp-block-kadence-advancedheading has-theme-palette-3-color has-text-color\" data-kb-block=\"kb-adv-heading1829_3e0438-51\">FAIRE UN DON<\/h2>\n\n\n<style>.wp-block-kadence-advancedheading.kt-adv-heading1829_8393f7-86, .wp-block-kadence-advancedheading.kt-adv-heading1829_8393f7-86[data-kb-block=\"kb-adv-heading1829_8393f7-86\"]{text-align:center;font-weight:normal;font-style:normal;}.wp-block-kadence-advancedheading.kt-adv-heading1829_8393f7-86 mark.kt-highlight, .wp-block-kadence-advancedheading.kt-adv-heading1829_8393f7-86[data-kb-block=\"kb-adv-heading1829_8393f7-86\"] mark.kt-highlight{font-weight:normal;font-style:normal;color:#f76a0c;-webkit-box-decoration-break:clone;box-decoration-break:clone;padding-top:0px;padding-right:0px;padding-bottom:0px;padding-left:0px;}.wp-block-kadence-advancedheading.kt-adv-heading1829_8393f7-86 img.kb-inline-image, .wp-block-kadence-advancedheading.kt-adv-heading1829_8393f7-86[data-kb-block=\"kb-adv-heading1829_8393f7-86\"] img.kb-inline-image{width:150px;vertical-align:baseline;}<\/style>\n<p class=\"kt-adv-heading1829_8393f7-86 wp-block-kadence-advancedheading has-theme-palette-3-color has-text-color\" data-kb-block=\"kb-adv-heading1829_8393f7-86\">Votre geste est l&rsquo;\u00e9tincelle que nous attendons.<\/p>\n<\/div><\/div>\n\n<\/div><\/div>\n\n\n<div class=\"wp-block-columns is-layout-flex wp-container-core-columns-is-layout-62db62f3 wp-block-columns-is-layout-flex\" style=\"padding-top:0;padding-bottom:0\">\n<div class=\"wp-block-column is-vertically-aligned-stretch is-layout-flow wp-block-column-is-layout-flow\" style=\"flex-basis:60%\"><figure style=\"aspect-ratio:16\/9;width:100%;height:100%;\" class=\"wp-block-post-featured-image\"><img fetchpriority=\"high\" decoding=\"async\" width=\"940\" height=\"788\" src=\"https:\/\/orphelinvert.org\/wp-content\/uploads\/2025\/12\/Publication-Facebook-de-Collecte-de-fonds-Style-Illustratif-en-Violet-pastel-et-orange-3.png\" class=\"attachment-post-thumbnail size-post-thumbnail wp-post-image\" alt=\"\" style=\"border-radius:8px;width:100%;height:100%;object-fit:cover;\" srcset=\"https:\/\/orphelinvert.org\/wp-content\/uploads\/2025\/12\/Publication-Facebook-de-Collecte-de-fonds-Style-Illustratif-en-Violet-pastel-et-orange-3.png 940w, https:\/\/orphelinvert.org\/wp-content\/uploads\/2025\/12\/Publication-Facebook-de-Collecte-de-fonds-Style-Illustratif-en-Violet-pastel-et-orange-3-300x251.png 300w, https:\/\/orphelinvert.org\/wp-content\/uploads\/2025\/12\/Publication-Facebook-de-Collecte-de-fonds-Style-Illustratif-en-Violet-pastel-et-orange-3-768x644.png 768w, https:\/\/orphelinvert.org\/wp-content\/uploads\/2025\/12\/Publication-Facebook-de-Collecte-de-fonds-Style-Illustratif-en-Violet-pastel-et-orange-3-600x503.png 600w\" sizes=\"(max-width: 940px) 100vw, 940px\" \/><\/figure><\/div>\n\n\n\n<div class=\"wp-block-column is-vertically-aligned-stretch is-layout-flow wp-block-column-is-layout-flow\">\n<div class=\"wp-block-group is-vertical is-content-justification-stretch is-layout-flex wp-container-core-group-is-layout-628836ec wp-block-group-is-layout-flex\" style=\"min-height:100%\">\n<div class=\"wp-block-group wp-container-content-9cfa9a5a is-vertical is-layout-flex wp-container-core-group-is-layout-8cf370e7 wp-block-group-is-layout-flex\">\n<figure class=\"wp-block-image size-full\"><img decoding=\"async\" width=\"681\" height=\"293\" src=\"https:\/\/orphelinvert.org\/wp-content\/uploads\/2025\/10\/IMG_4151-1.png\" alt=\"\" class=\"wp-image-1914\" srcset=\"https:\/\/orphelinvert.org\/wp-content\/uploads\/2025\/10\/IMG_4151-1.png 681w, https:\/\/orphelinvert.org\/wp-content\/uploads\/2025\/10\/IMG_4151-1-300x129.png 300w, https:\/\/orphelinvert.org\/wp-content\/uploads\/2025\/10\/IMG_4151-1-600x258.png 600w\" sizes=\"(max-width: 681px) 100vw, 681px\" \/><\/figure>\n<\/div>\n\n\n\n<div style=\"--givewp-primary-color: #27ae60;\" class=\"givewp-campaign-donate-button-block wp-block-givewp-campaign-donate-button\">\n    <button type=\"button\" class=\"givewp-donation-form-modal__open\">Donate<\/button><\/div>\n<\/div>\n<\/div>\n<\/div>\n\n\n\n<p>Soutenir l&rsquo;int\u00e9gralit\u00e9 de notre mission, assurant \u00e0 chaque enfant les fondations d&rsquo;un avenir radieux.<\/p>\n\n\n<style>.kb-row-layout-id1829_d1175c-56 > .kt-row-column-wrap{align-content:start;}:where(.kb-row-layout-id1829_d1175c-56 > .kt-row-column-wrap) > .wp-block-kadence-column{justify-content:start;}.kb-row-layout-id1829_d1175c-56 > .kt-row-column-wrap{column-gap:var(--global-kb-gap-lg, 4rem);row-gap:var(--global-kb-gap-lg, 4rem);max-width:var( --global-content-width, 1290px );padding-left:var(--global-content-edge-padding);padding-right:var(--global-content-edge-padding);grid-template-columns:minmax(0, 1fr);}.kb-row-layout-id1829_d1175c-56 > .kt-row-layout-overlay{opacity:0.30;}@media all and (max-width: 1024px){.kb-row-layout-id1829_d1175c-56 > .kt-row-column-wrap{grid-template-columns:minmax(0, 1fr);}}@media all and (max-width: 767px){.kb-row-layout-id1829_d1175c-56 > .kt-row-column-wrap{grid-template-columns:minmax(0, 1fr);}}<\/style><div class=\"kb-row-layout-wrap kb-row-layout-id1829_d1175c-56 alignfull has-theme-palette9-background-color kt-row-has-bg wp-block-kadence-rowlayout\"><div class=\"kt-row-column-wrap kt-has-1-columns kt-row-layout-equal kt-tab-layout-inherit kt-mobile-layout-row kt-row-valign-top kb-theme-content-width\">\n<style>.kadence-column1829_3fea09-55 > .kt-inside-inner-col,.kadence-column1829_3fea09-55 > .kt-inside-inner-col:before{border-top-left-radius:0px;border-top-right-radius:0px;border-bottom-right-radius:0px;border-bottom-left-radius:0px;}.kadence-column1829_3fea09-55 > .kt-inside-inner-col{column-gap:var(--global-kb-gap-sm, 1rem);}.kadence-column1829_3fea09-55 > .kt-inside-inner-col{flex-direction:column;}.kadence-column1829_3fea09-55 > .kt-inside-inner-col > .aligncenter{width:100%;}.kadence-column1829_3fea09-55 > .kt-inside-inner-col:before{opacity:0.3;}.kadence-column1829_3fea09-55{position:relative;}@media all and (max-width: 1024px){.kadence-column1829_3fea09-55 > .kt-inside-inner-col{flex-direction:column;justify-content:center;}}@media all and (max-width: 767px){.kadence-column1829_3fea09-55 > .kt-inside-inner-col{flex-direction:column;justify-content:center;}}<\/style>\n<div class=\"wp-block-kadence-column kadence-column1829_3fea09-55\"><div class=\"kt-inside-inner-col\"><style>.wp-block-kadence-advancedheading.kt-adv-heading1829_853386-68, .wp-block-kadence-advancedheading.kt-adv-heading1829_853386-68[data-kb-block=\"kb-adv-heading1829_853386-68\"]{max-width:750px;margin-right:auto;margin-left:auto;text-align:center;font-size:var(--global-kb-font-size-xl, 3rem);line-height:1.2;font-style:normal;}.wp-block-kadence-advancedheading.kt-adv-heading1829_853386-68 mark.kt-highlight, .wp-block-kadence-advancedheading.kt-adv-heading1829_853386-68[data-kb-block=\"kb-adv-heading1829_853386-68\"] mark.kt-highlight{font-style:normal;color:#f76a0c;-webkit-box-decoration-break:clone;box-decoration-break:clone;padding-top:0px;padding-right:0px;padding-bottom:0px;padding-left:0px;}.wp-block-kadence-advancedheading.kt-adv-heading1829_853386-68 img.kb-inline-image, .wp-block-kadence-advancedheading.kt-adv-heading1829_853386-68[data-kb-block=\"kb-adv-heading1829_853386-68\"] img.kb-inline-image{width:150px;vertical-align:baseline;}<\/style>\n<h2 class=\"kt-adv-heading1829_853386-68 wp-block-kadence-advancedheading has-theme-palette-3-color has-text-color\" data-kb-block=\"kb-adv-heading1829_853386-68\">MERCI BEAUCOUP<\/h2>\n\n\n<style>.wp-block-kadence-advancedheading.kt-adv-heading1829_1281c7-a8, .wp-block-kadence-advancedheading.kt-adv-heading1829_1281c7-a8[data-kb-block=\"kb-adv-heading1829_1281c7-a8\"]{max-width:700px;margin-right:auto;margin-left:auto;text-align:center;font-size:var(--global-kb-font-size-md, 1.25rem);font-style:normal;}.wp-block-kadence-advancedheading.kt-adv-heading1829_1281c7-a8 mark.kt-highlight, .wp-block-kadence-advancedheading.kt-adv-heading1829_1281c7-a8[data-kb-block=\"kb-adv-heading1829_1281c7-a8\"] mark.kt-highlight{font-style:normal;color:#f76a0c;-webkit-box-decoration-break:clone;box-decoration-break:clone;padding-top:0px;padding-right:0px;padding-bottom:0px;padding-left:0px;}.wp-block-kadence-advancedheading.kt-adv-heading1829_1281c7-a8 img.kb-inline-image, .wp-block-kadence-advancedheading.kt-adv-heading1829_1281c7-a8[data-kb-block=\"kb-adv-heading1829_1281c7-a8\"] img.kb-inline-image{width:150px;vertical-align:baseline;}<\/style>\n<p class=\"kt-adv-heading1829_1281c7-a8 wp-block-kadence-advancedheading has-theme-palette-5-color has-text-color\" data-kb-block=\"kb-adv-heading1829_1281c7-a8\"><\/p>\n<\/div><\/div>\n\n<\/div><\/div>\n\n\n<p><\/p>\n","protected":false},"excerpt":{"rendered":"<p>FAIRE UN DON Votre geste est l&rsquo;\u00e9tincelle que nous attendons. Soutenir l&rsquo;int\u00e9gralit\u00e9 de notre mission, assurant \u00e0 chaque enfant les fondations d&rsquo;un avenir radieux. MERCI BEAUCOUP<\/p>","protected":false},"author":1,"featured_media":2222,"parent":0,"menu_order":0,"comment_status":"closed","ping_status":"closed","template":"","meta":{"give_campaign_id":1,"_price":"","_stock":"","_tribe_ticket_header":"","_tribe_default_ticket_provider":"","_tribe_ticket_capacity":"0","_ticket_start_date":"","_ticket_end_date":"","_tribe_ticket_show_description":"","_tribe_ticket_show_not_going":false,"_tribe_ticket_use_global_stock":"","_tribe_ticket_global_stock_level":"","_global_stock_mode":"","_global_stock_cap":"","_tribe_rsvp_for_event":"","_tribe_ticket_going_count":"","_tribe_ticket_not_going_count":"","_tribe_tickets_list":"[]","_tribe_ticket_has_attendee_info_fields":false,"_kadence_starter_templates_imported_post":false,"_kad_post_transparent":"","_kad_post_title":"","_kad_post_layout":"","_kad_post_sidebar_id":"","_kad_post_content_style":"","_kad_post_vertical_padding":"","_kad_post_feature":"","_kad_post_feature_position":"","_kad_post_header":false,"_kad_post_footer":false,"footnotes":"","_tec_slr_enabled":"","_tec_slr_layout":""},"class_list":["post-1829","page","type-page","status-publish","has-post-thumbnail","hentry"],"campaignId":"1","jetpack_sharing_enabled":true,"ticketed":false,"_links":{"self":[{"href":"https:\/\/orphelinvert.org\/en\/wp-json\/wp\/v2\/pages\/1829","targetHints":{"allow":["GET"]}}],"collection":[{"href":"https:\/\/orphelinvert.org\/en\/wp-json\/wp\/v2\/pages"}],"about":[{"href":"https:\/\/orphelinvert.org\/en\/wp-json\/wp\/v2\/types\/page"}],"author":[{"embeddable":true,"href":"https:\/\/orphelinvert.org\/en\/wp-json\/wp\/v2\/users\/1"}],"replies":[{"embeddable":true,"href":"https:\/\/orphelinvert.org\/en\/wp-json\/wp\/v2\/comments?post=1829"}],"version-history":[{"count":10,"href":"https:\/\/orphelinvert.org\/en\/wp-json\/wp\/v2\/pages\/1829\/revisions"}],"predecessor-version":[{"id":2315,"href":"https:\/\/orphelinvert.org\/en\/wp-json\/wp\/v2\/pages\/1829\/revisions\/2315"}],"wp:featuredmedia":[{"embeddable":true,"href":"https:\/\/orphelinvert.org\/en\/wp-json\/wp\/v2\/media\/2222"}],"wp:attachment":[{"href":"https:\/\/orphelinvert.org\/en\/wp-json\/wp\/v2\/media?parent=1829"}],"curies":[{"name":"wp","href":"https:\/\/api.w.org\/{rel}","templated":true}]}}